{"id":39367,"date":"2021-05-21T14:33:24","date_gmt":"2022-06-22T18:27:44","guid":{"rendered":"https:\/\/plamdistributions.com\/produit\/cenicero-acero-inoxidable-7-x-3-x-9\/"},"modified":"2022-06-22T14:29:10","modified_gmt":"2022-06-22T18:29:10","slug":"cendrier-mural-en-inox-frost-908-7-x-3-x-9-2","status":"publish","type":"product","link":"https:\/\/plamdistributions.com\/es\/produit\/cendrier-mural-en-inox-frost-908-7-x-3-x-9-2\/","title":{"rendered":"CENICERO ACERO INOXIDABLE 7&#8243; X 3&#8243; X 9&#8243;"},"content":{"rendered":"<p><strong>C\u00f3digo: ACC-F908<\/strong><\/p>\n<p>El modelo 908 est\u00e1 dise\u00f1ado para usarse en \u00e1reas de poco tr\u00e1fico.<\/p>\n<p><strong>Caracter\u00edsticas:<\/strong> La robusta construcci\u00f3n de acero inoxidable es ideal para \u00e1reas comunes para caminar. Acero inoxidable 304<sup>#<\/sup> 18, con acabado cepillado <sup># 4<\/sup> ( <sup>#<\/sup> 18 et 20 en 908 ). Equipado con una cerradura de pestillo. Puerta provista de bisagra piano de acero inoxidable en toda su longitud. El soporte de montaje desplazado permite que la unidad se mantenga a 5\/8\u2033 de la pared, lo que brinda protecci\u00f3n adicional contra incendios. Bandeja interior de acero galvanizado resistente a la corrosi\u00f3n (<sup>#<\/sup>22) con abertura deflectora.<\/p>\n<p><strong>Capacidad:<\/strong> 0,25 gal (1 litro)<\/p>\n<p><strong>\u2713 Fabricante: Frost<\/strong><\/p>\n","protected":false},"excerpt":{"rendered":"<p>C\u00f3digo: ACC-F908 El modelo 908 est\u00e1 dise\u00f1ado para usarse en \u00e1reas de poco tr\u00e1fico. Caracter\u00edsticas: La robusta construcci\u00f3n de acero<\/p>\n","protected":false},"featured_media":23236,"comment_status":"closed","ping_status":"closed","template":"","meta":[],"product_brand":[],"product_cat":[696,1347],"product_tag":[],"class_list":{"0":"post-39367","1":"product","2":"type-product","3":"status-publish","4":"has-post-thumbnail","6":"product_cat-accesorios","7":"product_cat-ceniceros","8":"product_shipping_class-standard-es","10":"first","11":"onbackorder","12":"featured","13":"taxable","14":"shipping-taxable","15":"purchasable","16":"product-type-simple"},"yoast_head":"<!-- This site is optimized with the Yoast SEO plugin v27.4 - https:\/\/yoast.com\/product\/yoast-seo-wordpress\/ -->\n<title>CENICERO ACERO INOXIDABLE 7&quot; X 3&quot; X 9&quot; | Distributions Pla-M<\/title>\n<meta name=\"robots\" content=\"index, follow, max-snippet:-1, max-image-preview:large, max-video-preview:-1\" \/>\n<link rel=\"canonical\" href=\"https:\/\/plamdistributions.com\/es\/produit\/cendrier-mural-en-inox-frost-908-7-x-3-x-9-2\/\" \/>\n<meta property=\"og:locale\" content=\"es_ES\" \/>\n<meta property=\"og:type\" content=\"article\" \/>\n<meta property=\"og:title\" content=\"CENICERO ACERO INOXIDABLE 7&quot; X 3&quot; X 9&quot; | Distributions Pla-M\" \/>\n<meta property=\"og:description\" content=\"C\u00f3digo: ACC-F908 El modelo 908 est\u00e1 dise\u00f1ado para usarse en \u00e1reas de poco tr\u00e1fico. Caracter\u00edsticas: La robusta construcci\u00f3n de acero\" \/>\n<meta property=\"og:url\" content=\"https:\/\/plamdistributions.com\/es\/produit\/cendrier-mural-en-inox-frost-908-7-x-3-x-9-2\/\" \/>\n<meta property=\"og:site_name\" content=\"Distributions Pla-M\" \/>\n<meta property=\"article:publisher\" content=\"https:\/\/www.facebook.com\/displam\/\" \/>\n<meta property=\"article:modified_time\" content=\"2022-06-22T18:29:10+00:00\" \/>\n<meta property=\"og:image\" content=\"https:\/\/plamdistributions.com\/wp-content\/uploads\/2021\/05\/ACC-F908.jpg\" \/>\n\t<meta property=\"og:image:width\" content=\"600\" \/>\n\t<meta property=\"og:image:height\" content=\"600\" \/>\n\t<meta property=\"og:image:type\" content=\"image\/jpeg\" \/>\n<meta name=\"twitter:card\" content=\"summary_large_image\" \/>\n<meta name=\"twitter:site\" content=\"@Displam\" \/>\n<script type=\"application\/ld+json\" class=\"yoast-schema-graph\">{\"@context\":\"https:\\\/\\\/schema.org\",\"@graph\":[{\"@type\":\"WebPage\",\"@id\":\"https:\\\/\\\/plamdistributions.com\\\/es\\\/produit\\\/cendrier-mural-en-inox-frost-908-7-x-3-x-9-2\\\/\",\"url\":\"https:\\\/\\\/plamdistributions.com\\\/es\\\/produit\\\/cendrier-mural-en-inox-frost-908-7-x-3-x-9-2\\\/\",\"name\":\"CENICERO ACERO INOXIDABLE 7\\\" X 3\\\" X 9\\\" | Distributions Pla-M\",\"isPartOf\":{\"@id\":\"https:\\\/\\\/plamdistributions.com\\\/#website\"},\"primaryImageOfPage\":{\"@id\":\"https:\\\/\\\/plamdistributions.com\\\/es\\\/produit\\\/cendrier-mural-en-inox-frost-908-7-x-3-x-9-2\\\/#primaryimage\"},\"image\":{\"@id\":\"https:\\\/\\\/plamdistributions.com\\\/es\\\/produit\\\/cendrier-mural-en-inox-frost-908-7-x-3-x-9-2\\\/#primaryimage\"},\"thumbnailUrl\":\"https:\\\/\\\/plamdistributions.com\\\/wp-content\\\/uploads\\\/2021\\\/05\\\/ACC-F908.jpg\",\"datePublished\":\"2022-06-22T18:27:44+00:00\",\"dateModified\":\"2022-06-22T18:29:10+00:00\",\"breadcrumb\":{\"@id\":\"https:\\\/\\\/plamdistributions.com\\\/es\\\/produit\\\/cendrier-mural-en-inox-frost-908-7-x-3-x-9-2\\\/#breadcrumb\"},\"inLanguage\":\"es\",\"potentialAction\":[{\"@type\":\"ReadAction\",\"target\":[\"https:\\\/\\\/plamdistributions.com\\\/es\\\/produit\\\/cendrier-mural-en-inox-frost-908-7-x-3-x-9-2\\\/\"]}]},{\"@type\":\"ImageObject\",\"inLanguage\":\"es\",\"@id\":\"https:\\\/\\\/plamdistributions.com\\\/es\\\/produit\\\/cendrier-mural-en-inox-frost-908-7-x-3-x-9-2\\\/#primaryimage\",\"url\":\"https:\\\/\\\/plamdistributions.com\\\/wp-content\\\/uploads\\\/2021\\\/05\\\/ACC-F908.jpg\",\"contentUrl\":\"https:\\\/\\\/plamdistributions.com\\\/wp-content\\\/uploads\\\/2021\\\/05\\\/ACC-F908.jpg\",\"width\":600,\"height\":600,\"caption\":\"Cendrier mural en inox Frost 908 7\\\" X 3\\\" X 9\\\"\"},{\"@type\":\"BreadcrumbList\",\"@id\":\"https:\\\/\\\/plamdistributions.com\\\/es\\\/produit\\\/cendrier-mural-en-inox-frost-908-7-x-3-x-9-2\\\/#breadcrumb\",\"itemListElement\":[{\"@type\":\"ListItem\",\"position\":1,\"name\":\"Accueil\",\"item\":\"https:\\\/\\\/plamdistributions.com\\\/es\\\/\"},{\"@type\":\"ListItem\",\"position\":2,\"name\":\"Tienda\",\"item\":\"https:\\\/\\\/plamdistributions.com\\\/es\\\/tienda\\\/\"},{\"@type\":\"ListItem\",\"position\":3,\"name\":\"CENICERO ACERO INOXIDABLE 7&#8243; X 3&#8243; X 9&#8243;\"}]},{\"@type\":\"WebSite\",\"@id\":\"https:\\\/\\\/plamdistributions.com\\\/#website\",\"url\":\"https:\\\/\\\/plamdistributions.com\\\/\",\"name\":\"Distributions Pla-M Inc.\",\"description\":\"Venta de productos y equipos sanitarios\",\"publisher\":{\"@id\":\"https:\\\/\\\/plamdistributions.com\\\/#organization\"},\"potentialAction\":[{\"@type\":\"SearchAction\",\"target\":{\"@type\":\"EntryPoint\",\"urlTemplate\":\"https:\\\/\\\/plamdistributions.com\\\/?s={search_term_string}\"},\"query-input\":{\"@type\":\"PropertyValueSpecification\",\"valueRequired\":true,\"valueName\":\"search_term_string\"}}],\"inLanguage\":\"es\"},{\"@type\":\"Organization\",\"@id\":\"https:\\\/\\\/plamdistributions.com\\\/#organization\",\"name\":\"Distributions Pla-M\",\"url\":\"https:\\\/\\\/plamdistributions.com\\\/\",\"logo\":{\"@type\":\"ImageObject\",\"inLanguage\":\"es\",\"@id\":\"https:\\\/\\\/plamdistributions.com\\\/#\\\/schema\\\/logo\\\/image\\\/\",\"url\":\"https:\\\/\\\/plamdistributions.com\\\/wp-content\\\/uploads\\\/2021\\\/05\\\/PLAM-SANS.png\",\"contentUrl\":\"https:\\\/\\\/plamdistributions.com\\\/wp-content\\\/uploads\\\/2021\\\/05\\\/PLAM-SANS.png\",\"width\":289,\"height\":224,\"caption\":\"Distributions Pla-M\"},\"image\":{\"@id\":\"https:\\\/\\\/plamdistributions.com\\\/#\\\/schema\\\/logo\\\/image\\\/\"},\"sameAs\":[\"https:\\\/\\\/www.facebook.com\\\/displam\\\/\",\"https:\\\/\\\/x.com\\\/Displam\",\"https:\\\/\\\/www.youtube.com\\\/channel\\\/UCHmm3HCGnpGuaQ984quISDg\"]}]}<\/script>\n<!-- \/ Yoast SEO plugin. -->","yoast_head_json":{"title":"CENICERO ACERO INOXIDABLE 7\" X 3\" X 9\" | Distributions Pla-M","robots":{"index":"index","follow":"follow","max-snippet":"max-snippet:-1","max-image-preview":"max-image-preview:large","max-video-preview":"max-video-preview:-1"},"canonical":"https:\/\/plamdistributions.com\/es\/produit\/cendrier-mural-en-inox-frost-908-7-x-3-x-9-2\/","og_locale":"es_ES","og_type":"article","og_title":"CENICERO ACERO INOXIDABLE 7\" X 3\" X 9\" | Distributions Pla-M","og_description":"C\u00f3digo: ACC-F908 El modelo 908 est\u00e1 dise\u00f1ado para usarse en \u00e1reas de poco tr\u00e1fico. Caracter\u00edsticas: La robusta construcci\u00f3n de acero","og_url":"https:\/\/plamdistributions.com\/es\/produit\/cendrier-mural-en-inox-frost-908-7-x-3-x-9-2\/","og_site_name":"Distributions Pla-M","article_publisher":"https:\/\/www.facebook.com\/displam\/","article_modified_time":"2022-06-22T18:29:10+00:00","og_image":[{"width":600,"height":600,"url":"https:\/\/plamdistributions.com\/wp-content\/uploads\/2021\/05\/ACC-F908.jpg","type":"image\/jpeg"}],"twitter_card":"summary_large_image","twitter_site":"@Displam","schema":{"@context":"https:\/\/schema.org","@graph":[{"@type":"WebPage","@id":"https:\/\/plamdistributions.com\/es\/produit\/cendrier-mural-en-inox-frost-908-7-x-3-x-9-2\/","url":"https:\/\/plamdistributions.com\/es\/produit\/cendrier-mural-en-inox-frost-908-7-x-3-x-9-2\/","name":"CENICERO ACERO INOXIDABLE 7\" X 3\" X 9\" | Distributions Pla-M","isPartOf":{"@id":"https:\/\/plamdistributions.com\/#website"},"primaryImageOfPage":{"@id":"https:\/\/plamdistributions.com\/es\/produit\/cendrier-mural-en-inox-frost-908-7-x-3-x-9-2\/#primaryimage"},"image":{"@id":"https:\/\/plamdistributions.com\/es\/produit\/cendrier-mural-en-inox-frost-908-7-x-3-x-9-2\/#primaryimage"},"thumbnailUrl":"https:\/\/plamdistributions.com\/wp-content\/uploads\/2021\/05\/ACC-F908.jpg","datePublished":"2022-06-22T18:27:44+00:00","dateModified":"2022-06-22T18:29:10+00:00","breadcrumb":{"@id":"https:\/\/plamdistributions.com\/es\/produit\/cendrier-mural-en-inox-frost-908-7-x-3-x-9-2\/#breadcrumb"},"inLanguage":"es","potentialAction":[{"@type":"ReadAction","target":["https:\/\/plamdistributions.com\/es\/produit\/cendrier-mural-en-inox-frost-908-7-x-3-x-9-2\/"]}]},{"@type":"ImageObject","inLanguage":"es","@id":"https:\/\/plamdistributions.com\/es\/produit\/cendrier-mural-en-inox-frost-908-7-x-3-x-9-2\/#primaryimage","url":"https:\/\/plamdistributions.com\/wp-content\/uploads\/2021\/05\/ACC-F908.jpg","contentUrl":"https:\/\/plamdistributions.com\/wp-content\/uploads\/2021\/05\/ACC-F908.jpg","width":600,"height":600,"caption":"Cendrier mural en inox Frost 908 7\" X 3\" X 9\""},{"@type":"BreadcrumbList","@id":"https:\/\/plamdistributions.com\/es\/produit\/cendrier-mural-en-inox-frost-908-7-x-3-x-9-2\/#breadcrumb","itemListElement":[{"@type":"ListItem","position":1,"name":"Accueil","item":"https:\/\/plamdistributions.com\/es\/"},{"@type":"ListItem","position":2,"name":"Tienda","item":"https:\/\/plamdistributions.com\/es\/tienda\/"},{"@type":"ListItem","position":3,"name":"CENICERO ACERO INOXIDABLE 7&#8243; X 3&#8243; X 9&#8243;"}]},{"@type":"WebSite","@id":"https:\/\/plamdistributions.com\/#website","url":"https:\/\/plamdistributions.com\/","name":"Distributions Pla-M Inc.","description":"Venta de productos y equipos sanitarios","publisher":{"@id":"https:\/\/plamdistributions.com\/#organization"},"potentialAction":[{"@type":"SearchAction","target":{"@type":"EntryPoint","urlTemplate":"https:\/\/plamdistributions.com\/?s={search_term_string}"},"query-input":{"@type":"PropertyValueSpecification","valueRequired":true,"valueName":"search_term_string"}}],"inLanguage":"es"},{"@type":"Organization","@id":"https:\/\/plamdistributions.com\/#organization","name":"Distributions Pla-M","url":"https:\/\/plamdistributions.com\/","logo":{"@type":"ImageObject","inLanguage":"es","@id":"https:\/\/plamdistributions.com\/#\/schema\/logo\/image\/","url":"https:\/\/plamdistributions.com\/wp-content\/uploads\/2021\/05\/PLAM-SANS.png","contentUrl":"https:\/\/plamdistributions.com\/wp-content\/uploads\/2021\/05\/PLAM-SANS.png","width":289,"height":224,"caption":"Distributions Pla-M"},"image":{"@id":"https:\/\/plamdistributions.com\/#\/schema\/logo\/image\/"},"sameAs":["https:\/\/www.facebook.com\/displam\/","https:\/\/x.com\/Displam","https:\/\/www.youtube.com\/channel\/UCHmm3HCGnpGuaQ984quISDg"]}]}},"_links":{"self":[{"href":"https:\/\/plamdistributions.com\/es\/wp-json\/wp\/v2\/product\/39367","targetHints":{"allow":["GET"]}}],"collection":[{"href":"https:\/\/plamdistributions.com\/es\/wp-json\/wp\/v2\/product"}],"about":[{"href":"https:\/\/plamdistributions.com\/es\/wp-json\/wp\/v2\/types\/product"}],"replies":[{"embeddable":true,"href":"https:\/\/plamdistributions.com\/es\/wp-json\/wp\/v2\/comments?post=39367"}],"wp:featuredmedia":[{"embeddable":true,"href":"https:\/\/plamdistributions.com\/es\/wp-json\/wp\/v2\/media\/23236"}],"wp:attachment":[{"href":"https:\/\/plamdistributions.com\/es\/wp-json\/wp\/v2\/media?parent=39367"}],"wp:term":[{"taxonomy":"product_brand","embeddable":true,"href":"https:\/\/plamdistributions.com\/es\/wp-json\/wp\/v2\/product_brand?post=39367"},{"taxonomy":"product_cat","embeddable":true,"href":"https:\/\/plamdistributions.com\/es\/wp-json\/wp\/v2\/product_cat?post=39367"},{"taxonomy":"product_tag","embeddable":true,"href":"https:\/\/plamdistributions.com\/es\/wp-json\/wp\/v2\/product_tag?post=39367"}],"curies":[{"name":"wp","href":"https:\/\/api.w.org\/{rel}","templated":true}]}}