{"id":40335,"date":"2023-10-03T08:27:03","date_gmt":"2023-10-03T12:27:03","guid":{"rendered":"https:\/\/plamdistributions.com\/?post_type=product&#038;p=40335"},"modified":"2026-04-20T12:01:01","modified_gmt":"2026-04-20T16:01:01","slug":"papier-hygienique-jumbo-tandem-perform-t320-2-plis-6-x-1250","status":"publish","type":"product","link":"https:\/\/plamdistributions.com\/es\/produit\/papier-hygienique-jumbo-tandem-perform-t320-2-plis-6-x-1250\/","title":{"rendered":"PAP HYG JUMBO 1250&#8242; BLANC 2 PLIS 2.25  \/  6 RLX"},"content":{"rendered":"<p><strong>Code: PJB-CET320<\/strong><\/p>\n<p class=\"text-p3gray flex justify-between\">Avec ses feuilles de 3.4 po de large et ses rouleaux de 9 po de diam\u00e8tre. Ce papier toilette T320 en rouleau g\u00e9ant combine \u00e0 la perfection rendement et qualit\u00e9.<\/p>\n<p>&nbsp;<\/p>\n<p>Avantages<\/p>\n<ul>\n<li>Biod\u00e9gradable<\/li>\n<li>Largeur de 3.4&#8243;<\/li>\n<li>Diam\u00e8tre du rouleau 9&#8243;<\/li>\n<\/ul>\n","protected":false},"excerpt":{"rendered":"<p>Code: PJB-CET320 Avec ses feuilles de 3.4 po de large et ses rouleaux de 9 po de diam\u00e8tre. Ce papier<\/p>\n","protected":false},"featured_media":40336,"comment_status":"open","ping_status":"closed","template":"","meta":[],"product_brand":[],"product_cat":[102],"product_tag":[],"class_list":{"0":"post-40335","1":"product","2":"type-product","3":"status-publish","4":"has-post-thumbnail","6":"product_cat-papiers-hygieniques","8":"first","9":"instock","10":"taxable","11":"shipping-taxable","12":"purchasable","13":"product-type-simple"},"yoast_head":"<!-- This site is optimized with the Yoast SEO plugin v27.5 - https:\/\/yoast.com\/product\/yoast-seo-wordpress\/ -->\n<title>PAP HYG JUMBO 1250&#039; BLANC 2 PLIS 2.25 \/ 6 RLX | Distributions Pla-M<\/title>\n<meta name=\"robots\" content=\"index, follow, max-snippet:-1, max-image-preview:large, max-video-preview:-1\" \/>\n<link rel=\"canonical\" href=\"https:\/\/plamdistributions.com\/produit\/papier-hygienique-jumbo-tandem-perform-t320-2-plis-6-x-1250\/\" \/>\n<meta property=\"og:locale\" content=\"es_ES\" \/>\n<meta property=\"og:type\" content=\"article\" \/>\n<meta property=\"og:title\" content=\"PAP HYG JUMBO 1250&#039; BLANC 2 PLIS 2.25 \/ 6 RLX | Distributions Pla-M\" \/>\n<meta property=\"og:description\" content=\"Code: PJB-CET320 Avec ses feuilles de 3.4 po de large et ses rouleaux de 9 po de diam\u00e8tre. Ce papier\" \/>\n<meta property=\"og:url\" content=\"https:\/\/plamdistributions.com\/produit\/papier-hygienique-jumbo-tandem-perform-t320-2-plis-6-x-1250\/\" \/>\n<meta property=\"og:site_name\" content=\"Distributions Pla-M\" \/>\n<meta property=\"article:publisher\" content=\"https:\/\/www.facebook.com\/displam\/\" \/>\n<meta property=\"article:modified_time\" content=\"2026-04-20T16:01:01+00:00\" \/>\n<meta property=\"og:image\" content=\"https:\/\/plamdistributions.com\/wp-content\/uploads\/2023\/10\/T320.jpg\" \/>\n\t<meta property=\"og:image:width\" content=\"416\" \/>\n\t<meta property=\"og:image:height\" content=\"564\" \/>\n\t<meta property=\"og:image:type\" content=\"image\/jpeg\" \/>\n<meta name=\"twitter:card\" content=\"summary_large_image\" \/>\n<meta name=\"twitter:site\" content=\"@Displam\" \/>\n<script type=\"application\/ld+json\" class=\"yoast-schema-graph\">{\"@context\":\"https:\\\/\\\/schema.org\",\"@graph\":[{\"@type\":\"WebPage\",\"@id\":\"https:\\\/\\\/plamdistributions.com\\\/produit\\\/papier-hygienique-jumbo-tandem-perform-t320-2-plis-6-x-1250\\\/\",\"url\":\"https:\\\/\\\/plamdistributions.com\\\/produit\\\/papier-hygienique-jumbo-tandem-perform-t320-2-plis-6-x-1250\\\/\",\"name\":\"PAP HYG JUMBO 1250' BLANC 2 PLIS 2.25 \\\/ 6 RLX | Distributions Pla-M\",\"isPartOf\":{\"@id\":\"https:\\\/\\\/plamdistributions.com\\\/#website\"},\"primaryImageOfPage\":{\"@id\":\"https:\\\/\\\/plamdistributions.com\\\/produit\\\/papier-hygienique-jumbo-tandem-perform-t320-2-plis-6-x-1250\\\/#primaryimage\"},\"image\":{\"@id\":\"https:\\\/\\\/plamdistributions.com\\\/produit\\\/papier-hygienique-jumbo-tandem-perform-t320-2-plis-6-x-1250\\\/#primaryimage\"},\"thumbnailUrl\":\"https:\\\/\\\/plamdistributions.com\\\/wp-content\\\/uploads\\\/2023\\\/10\\\/T320.jpg\",\"datePublished\":\"2023-10-03T12:27:03+00:00\",\"dateModified\":\"2026-04-20T16:01:01+00:00\",\"breadcrumb\":{\"@id\":\"https:\\\/\\\/plamdistributions.com\\\/produit\\\/papier-hygienique-jumbo-tandem-perform-t320-2-plis-6-x-1250\\\/#breadcrumb\"},\"inLanguage\":\"es\",\"potentialAction\":[{\"@type\":\"ReadAction\",\"target\":[\"https:\\\/\\\/plamdistributions.com\\\/produit\\\/papier-hygienique-jumbo-tandem-perform-t320-2-plis-6-x-1250\\\/\"]}]},{\"@type\":\"ImageObject\",\"inLanguage\":\"es\",\"@id\":\"https:\\\/\\\/plamdistributions.com\\\/produit\\\/papier-hygienique-jumbo-tandem-perform-t320-2-plis-6-x-1250\\\/#primaryimage\",\"url\":\"https:\\\/\\\/plamdistributions.com\\\/wp-content\\\/uploads\\\/2023\\\/10\\\/T320.jpg\",\"contentUrl\":\"https:\\\/\\\/plamdistributions.com\\\/wp-content\\\/uploads\\\/2023\\\/10\\\/T320.jpg\",\"width\":416,\"height\":564},{\"@type\":\"BreadcrumbList\",\"@id\":\"https:\\\/\\\/plamdistributions.com\\\/produit\\\/papier-hygienique-jumbo-tandem-perform-t320-2-plis-6-x-1250\\\/#breadcrumb\",\"itemListElement\":[{\"@type\":\"ListItem\",\"position\":1,\"name\":\"Accueil\",\"item\":\"https:\\\/\\\/plamdistributions.com\\\/es\\\/\"},{\"@type\":\"ListItem\",\"position\":2,\"name\":\"Tienda\",\"item\":\"https:\\\/\\\/plamdistributions.com\\\/es\\\/tienda\\\/\"},{\"@type\":\"ListItem\",\"position\":3,\"name\":\"PAP HYG JUMBO 1250&prime; BLANC 2 PLIS 2.25 \\\/ 6 RLX\"}]},{\"@type\":\"WebSite\",\"@id\":\"https:\\\/\\\/plamdistributions.com\\\/#website\",\"url\":\"https:\\\/\\\/plamdistributions.com\\\/\",\"name\":\"Distributions Pla-M Inc.\",\"description\":\"Venta de productos y equipos sanitarios\",\"publisher\":{\"@id\":\"https:\\\/\\\/plamdistributions.com\\\/#organization\"},\"potentialAction\":[{\"@type\":\"SearchAction\",\"target\":{\"@type\":\"EntryPoint\",\"urlTemplate\":\"https:\\\/\\\/plamdistributions.com\\\/?s={search_term_string}\"},\"query-input\":{\"@type\":\"PropertyValueSpecification\",\"valueRequired\":true,\"valueName\":\"search_term_string\"}}],\"inLanguage\":\"es\"},{\"@type\":\"Organization\",\"@id\":\"https:\\\/\\\/plamdistributions.com\\\/#organization\",\"name\":\"Distributions Pla-M\",\"url\":\"https:\\\/\\\/plamdistributions.com\\\/\",\"logo\":{\"@type\":\"ImageObject\",\"inLanguage\":\"es\",\"@id\":\"https:\\\/\\\/plamdistributions.com\\\/#\\\/schema\\\/logo\\\/image\\\/\",\"url\":\"https:\\\/\\\/plamdistributions.com\\\/wp-content\\\/uploads\\\/2021\\\/05\\\/PLAM-SANS.png\",\"contentUrl\":\"https:\\\/\\\/plamdistributions.com\\\/wp-content\\\/uploads\\\/2021\\\/05\\\/PLAM-SANS.png\",\"width\":289,\"height\":224,\"caption\":\"Distributions Pla-M\"},\"image\":{\"@id\":\"https:\\\/\\\/plamdistributions.com\\\/#\\\/schema\\\/logo\\\/image\\\/\"},\"sameAs\":[\"https:\\\/\\\/www.facebook.com\\\/displam\\\/\",\"https:\\\/\\\/x.com\\\/Displam\",\"https:\\\/\\\/www.youtube.com\\\/channel\\\/UCHmm3HCGnpGuaQ984quISDg\"]}]}<\/script>\n<!-- \/ Yoast SEO plugin. -->","yoast_head_json":{"title":"PAP HYG JUMBO 1250' BLANC 2 PLIS 2.25 \/ 6 RLX | Distributions Pla-M","robots":{"index":"index","follow":"follow","max-snippet":"max-snippet:-1","max-image-preview":"max-image-preview:large","max-video-preview":"max-video-preview:-1"},"canonical":"https:\/\/plamdistributions.com\/produit\/papier-hygienique-jumbo-tandem-perform-t320-2-plis-6-x-1250\/","og_locale":"es_ES","og_type":"article","og_title":"PAP HYG JUMBO 1250' BLANC 2 PLIS 2.25 \/ 6 RLX | Distributions Pla-M","og_description":"Code: PJB-CET320 Avec ses feuilles de 3.4 po de large et ses rouleaux de 9 po de diam\u00e8tre. Ce papier","og_url":"https:\/\/plamdistributions.com\/produit\/papier-hygienique-jumbo-tandem-perform-t320-2-plis-6-x-1250\/","og_site_name":"Distributions Pla-M","article_publisher":"https:\/\/www.facebook.com\/displam\/","article_modified_time":"2026-04-20T16:01:01+00:00","og_image":[{"width":416,"height":564,"url":"https:\/\/plamdistributions.com\/wp-content\/uploads\/2023\/10\/T320.jpg","type":"image\/jpeg"}],"twitter_card":"summary_large_image","twitter_site":"@Displam","schema":{"@context":"https:\/\/schema.org","@graph":[{"@type":"WebPage","@id":"https:\/\/plamdistributions.com\/produit\/papier-hygienique-jumbo-tandem-perform-t320-2-plis-6-x-1250\/","url":"https:\/\/plamdistributions.com\/produit\/papier-hygienique-jumbo-tandem-perform-t320-2-plis-6-x-1250\/","name":"PAP HYG JUMBO 1250' BLANC 2 PLIS 2.25 \/ 6 RLX | Distributions Pla-M","isPartOf":{"@id":"https:\/\/plamdistributions.com\/#website"},"primaryImageOfPage":{"@id":"https:\/\/plamdistributions.com\/produit\/papier-hygienique-jumbo-tandem-perform-t320-2-plis-6-x-1250\/#primaryimage"},"image":{"@id":"https:\/\/plamdistributions.com\/produit\/papier-hygienique-jumbo-tandem-perform-t320-2-plis-6-x-1250\/#primaryimage"},"thumbnailUrl":"https:\/\/plamdistributions.com\/wp-content\/uploads\/2023\/10\/T320.jpg","datePublished":"2023-10-03T12:27:03+00:00","dateModified":"2026-04-20T16:01:01+00:00","breadcrumb":{"@id":"https:\/\/plamdistributions.com\/produit\/papier-hygienique-jumbo-tandem-perform-t320-2-plis-6-x-1250\/#breadcrumb"},"inLanguage":"es","potentialAction":[{"@type":"ReadAction","target":["https:\/\/plamdistributions.com\/produit\/papier-hygienique-jumbo-tandem-perform-t320-2-plis-6-x-1250\/"]}]},{"@type":"ImageObject","inLanguage":"es","@id":"https:\/\/plamdistributions.com\/produit\/papier-hygienique-jumbo-tandem-perform-t320-2-plis-6-x-1250\/#primaryimage","url":"https:\/\/plamdistributions.com\/wp-content\/uploads\/2023\/10\/T320.jpg","contentUrl":"https:\/\/plamdistributions.com\/wp-content\/uploads\/2023\/10\/T320.jpg","width":416,"height":564},{"@type":"BreadcrumbList","@id":"https:\/\/plamdistributions.com\/produit\/papier-hygienique-jumbo-tandem-perform-t320-2-plis-6-x-1250\/#breadcrumb","itemListElement":[{"@type":"ListItem","position":1,"name":"Accueil","item":"https:\/\/plamdistributions.com\/es\/"},{"@type":"ListItem","position":2,"name":"Tienda","item":"https:\/\/plamdistributions.com\/es\/tienda\/"},{"@type":"ListItem","position":3,"name":"PAP HYG JUMBO 1250&prime; BLANC 2 PLIS 2.25 \/ 6 RLX"}]},{"@type":"WebSite","@id":"https:\/\/plamdistributions.com\/#website","url":"https:\/\/plamdistributions.com\/","name":"Distributions Pla-M Inc.","description":"Venta de productos y equipos sanitarios","publisher":{"@id":"https:\/\/plamdistributions.com\/#organization"},"potentialAction":[{"@type":"SearchAction","target":{"@type":"EntryPoint","urlTemplate":"https:\/\/plamdistributions.com\/?s={search_term_string}"},"query-input":{"@type":"PropertyValueSpecification","valueRequired":true,"valueName":"search_term_string"}}],"inLanguage":"es"},{"@type":"Organization","@id":"https:\/\/plamdistributions.com\/#organization","name":"Distributions Pla-M","url":"https:\/\/plamdistributions.com\/","logo":{"@type":"ImageObject","inLanguage":"es","@id":"https:\/\/plamdistributions.com\/#\/schema\/logo\/image\/","url":"https:\/\/plamdistributions.com\/wp-content\/uploads\/2021\/05\/PLAM-SANS.png","contentUrl":"https:\/\/plamdistributions.com\/wp-content\/uploads\/2021\/05\/PLAM-SANS.png","width":289,"height":224,"caption":"Distributions Pla-M"},"image":{"@id":"https:\/\/plamdistributions.com\/#\/schema\/logo\/image\/"},"sameAs":["https:\/\/www.facebook.com\/displam\/","https:\/\/x.com\/Displam","https:\/\/www.youtube.com\/channel\/UCHmm3HCGnpGuaQ984quISDg"]}]}},"_links":{"self":[{"href":"https:\/\/plamdistributions.com\/es\/wp-json\/wp\/v2\/product\/40335","targetHints":{"allow":["GET"]}}],"collection":[{"href":"https:\/\/plamdistributions.com\/es\/wp-json\/wp\/v2\/product"}],"about":[{"href":"https:\/\/plamdistributions.com\/es\/wp-json\/wp\/v2\/types\/product"}],"replies":[{"embeddable":true,"href":"https:\/\/plamdistributions.com\/es\/wp-json\/wp\/v2\/comments?post=40335"}],"wp:featuredmedia":[{"embeddable":true,"href":"https:\/\/plamdistributions.com\/es\/wp-json\/wp\/v2\/media\/40336"}],"wp:attachment":[{"href":"https:\/\/plamdistributions.com\/es\/wp-json\/wp\/v2\/media?parent=40335"}],"wp:term":[{"taxonomy":"product_brand","embeddable":true,"href":"https:\/\/plamdistributions.com\/es\/wp-json\/wp\/v2\/product_brand?post=40335"},{"taxonomy":"product_cat","embeddable":true,"href":"https:\/\/plamdistributions.com\/es\/wp-json\/wp\/v2\/product_cat?post=40335"},{"taxonomy":"product_tag","embeddable":true,"href":"https:\/\/plamdistributions.com\/es\/wp-json\/wp\/v2\/product_tag?post=40335"}],"curies":[{"name":"wp","href":"https:\/\/api.w.org\/{rel}","templated":true}]}}